{"id":1166,"date":"2025-02-10T09:05:16","date_gmt":"2025-02-10T08:05:16","guid":{"rendered":"https:\/\/outatime-training.de\/?page_id=1166"},"modified":"2025-06-26T12:41:11","modified_gmt":"2025-06-26T10:41:11","slug":"impressum","status":"publish","type":"page","link":"https:\/\/outatime-training.de\/en\/impressum\/","title":{"rendered":"Imprint"},"content":{"rendered":"<div data-elementor-type=\"wp-page\" data-elementor-id=\"1166\" class=\"elementor elementor-1166\" data-elementor-post-type=\"page\">\n\t\t\t\t<div class=\"elementor-element elementor-element-1b3c107 e-flex e-con-boxed e-con e-parent\" data-id=\"1b3c107\" data-element_type=\"container\" data-e-type=\"container\" id=\"erwartung\" data-settings=\"{&quot;background_background&quot;:&quot;classic&quot;}\">\n\t\t\t\t\t<div class=\"e-con-inner\">\n\t\t<div class=\"elementor-element elementor-element-7087f3e e-con-full e-flex e-con e-child\" data-id=\"7087f3e\" data-element_type=\"container\" data-e-type=\"container\">\n\t\t\t\t<div class=\"elementor-element elementor-element-1b539c9 elementor-widget elementor-widget-heading\" data-id=\"1b539c9\" data-element_type=\"widget\" data-e-type=\"widget\" data-widget_type=\"heading.default\">\n\t\t\t\t<div class=\"elementor-widget-container\">\n\t\t\t\t\t<h2 class=\"elementor-heading-title elementor-size-default\">Imprint<\/h2>\t\t\t\t<\/div>\n\t\t\t\t<\/div>\n\t\t\t\t<div class=\"elementor-element elementor-element-197390d elementor-widget__width-inherit elementor-widget elementor-widget-text-editor\" data-id=\"197390d\" data-element_type=\"widget\" data-e-type=\"widget\" data-widget_type=\"text-editor.default\">\n\t\t\t\t<div class=\"elementor-widget-container\">\n\t\t\t\t\t\t\t\t\t<p><strong>The Fraunhofer Institute for Mechatronic Systems Design IEM<br><\/strong><strong>Zukunftsmeile 1<\/strong><br><strong>33102 Paderborn<\/strong><\/p>\n<p>Phone: +49 5251 5465-101<br>Fax: +49 5251 5465-102<\/p>\n<p>is a constituent entity of the Fraunhofer-Gesellschaft, and as such has no separate legal status.<\/p>\n<p><b>Adress:<br><\/b>Fraunhofer-Gesellschaft zur F\u00f6rderung der angewandten Forschung e.V.<br>Hansastra\u00dfe 27 c<br>D-80686 M\u00fcnchen (Munich, Germany)<br>Internet: <a href=\"http:\/\/www.fraunhofer.de\">www.fraunhofer.de<\/a><br>E-Mail: <a href=\"mailto:info@zv.fraunhofer.de\">info@zv.fraunhofer.de<\/a><\/p>\n<p><b>Responsible editor:<br><\/b>Ricarda Westermann<br>E-Mail: <a href=\"mailto:ricarda.westermann@iem.fraunhofer.de\">ricarda.westermann@iem.fraunhofer.de<\/a><\/p>\n<p>VAT identification number\u00a0in accordance with section 27 a of the German VAT Act (Umsatzsteuergesetz, UStG: DE 129515865:<br>DE 129515865<\/p>\n<p><b>Court of jurisdiction:<br><\/b>Amtsgericht M\u00fcnchen<br>Registered nonprofit association<br>Registration no. VR 4461<\/p>\n<p><b>Executive board:<br><\/b><b>Prof. Holger Hanselka |<\/b>&nbsp;President<br><span style=\"font-weight: bold;\">Prof. Constantin H\u00e4fner |<\/span>&nbsp;Executive vice president<br><b style=\"color: var( --e-global-color-text ); text-align: var(--text-align);\">Prof. Axel M\u00fcller-Groeling |<\/b><span style=\"color: var( --e-global-color-text ); text-align: var(--text-align);\">&nbsp;Executive vice president<br><\/span><b style=\"color: var( --e-global-color-text ); text-align: var(--text-align);\">Elisabeth Ewen<\/b><span style=\"color: var( --e-global-color-text ); text-align: var(--text-align);\">&nbsp;Executive vice president<br><\/span><b style=\"color: var( --e-global-color-text ); text-align: var(--text-align);\">Dr. Sandra Krey<\/b><span style=\"color: var( --e-global-color-text ); text-align: var(--text-align);\">&nbsp;Executive vice president<\/span><\/p>\n<p><b>Usage rights<br><\/b>\u00a9 Fraunhofer-Gesellschaft e. V., Munich<\/p>\n<p>All rights reserved.\u00a0\nThe copyright to this website is held by the Fraunhofer-Gesellschaft.<\/p>\n<p>Permission is granted to download or print material published on this site for personal use only. Its use for any other purpose, and in particular its commercial use or distribution, are strictly forbidden in the absence of prior written approval.<\/p>\n<p>Notwithstanding this requirement, material may be downloaded or printed for use in connection with press reports on the activities of the Fraunhofer-Gesellschaft and its constituent institutes, on condition that the following terms are complied with:<\/p>\n<p>No alterations may be made to pictorial content, with the exception of framing modifications to emphasize the central motif. The source must be quoted, and two free reference copies must be sent to the above-mentioned address. Such usage is free of charge.\u2028<\/p>\n<p><b>Disclaimer:<br><\/b>We cannot assume any liability for the content of external pages. Solely the operators of those linked pages are responsible for their content.<\/p>\n<p>We make every reasonable effort to ensure that the content of this website is kept up to date and that it is accurate and complete. Nevertheless, the possibility of errors cannot be entirely ruled out. We do not give any warranty in respect of the timeliness, accuracy or completeness of material published on this website and disclaim all liability for (material or non-material) loss or damage incurred by third parties arising from the use of content obtained from the website.<\/p>\n<p>Registered trademarks and proprietary names, and copyrighted text and images, are not generally indicated as such on our webpages. But the absence of such indications in no way implies that these names, images or text belong to the public domain in the context of trademark or copyright law.<\/p>\n<p><b>Production of the website:<br><\/b><a href=\"https:\/\/design-7.de\/\">DESIGN 7 Frank Korsch \u2013 Webdesign Paderborn<\/a><\/p>\t\t\t\t\t\t\t\t<\/div>\n\t\t\t\t<\/div>\n\t\t\t\t<\/div>\n\t\t\t\t\t<\/div>\n\t\t\t\t<\/div>\n\t\t\t\t<\/div>","protected":false},"excerpt":{"rendered":"<p>Impressum Das Fraunhofer-Institut f\u00fcr Entwurfstechnik Mechatronik IEMZukunftsmeile 133102 Paderborn Telefon: +49 5251 5465-101Fax: +49 5251 5465-102 ist eine rechtlich nicht selbstst\u00e4ndige Einrichtung der Fraunhofer-Gesellschaft zur F\u00f6rderung der angewandten Forschung e.V. Adresse:Fraunhofer-Gesellschaft zur F\u00f6rderung der angewandten Forschung e.V.Hansastra\u00dfe 27 c80686 M\u00fcnchenInternet: www.fraunhofer.deE-Mail: info@zv.fraunhofer.de Verantwortliche Redakteurin:Ricarda WestermannE-Mail: ricarda.westermann@iem.fraunhofer.de Umsatzsteuer-Identifikationsnummer gem\u00e4\u00df \u00a7 27 a Umsatzsteuergesetz:DE 129515865 Registergericht:Amtsgericht M\u00fcnchenEingetragener [&hellip;]<\/p>\n","protected":false},"author":2,"featured_media":0,"parent":0,"menu_order":0,"comment_status":"closed","ping_status":"closed","template":"elementor_header_footer","meta":{"footnotes":""},"coauthors":[],"class_list":["post-1166","page","type-page","status-publish","hentry"],"yoast_head":"<!-- This site is optimized with the Yoast SEO plugin v27.2 - https:\/\/yoast.com\/product\/yoast-seo-wordpress\/ -->\n<title>Impressum OUTATIME \u2013 Training<\/title>\n<meta name=\"description\" content=\"outatime ist eine Initiative des Fraunhofer-Instituts f\u00fcr Entwurfstechnik Mechatronik IEM. Hier gelangen Sie zu unserer Datenschutzerkl\u00e4rung.\" \/>\n<meta name=\"robots\" content=\"index, follow, max-snippet:-1, max-image-preview:large, max-video-preview:-1\" \/>\n<link rel=\"canonical\" href=\"https:\/\/outatime-training.de\/en\/impressum\/\" \/>\n<meta property=\"og:locale\" content=\"en_GB\" \/>\n<meta property=\"og:type\" content=\"article\" \/>\n<meta property=\"og:title\" content=\"Impressum OUTATIME \u2013 Training\" \/>\n<meta property=\"og:description\" content=\"outatime ist eine Initiative des Fraunhofer-Instituts f\u00fcr Entwurfstechnik Mechatronik IEM. Hier gelangen Sie zu unserer Datenschutzerkl\u00e4rung.\" \/>\n<meta property=\"og:url\" content=\"https:\/\/outatime-training.de\/en\/impressum\/\" \/>\n<meta property=\"og:site_name\" content=\"OUTATIME Training\" \/>\n<meta property=\"article:modified_time\" content=\"2025-06-26T10:41:11+00:00\" \/>\n<meta name=\"twitter:card\" content=\"summary_large_image\" \/>\n<meta name=\"twitter:label1\" content=\"Estimated reading time\" \/>\n\t<meta name=\"twitter:data1\" content=\"2 minutes\" \/>\n\t<meta name=\"twitter:label2\" content=\"Written by\" \/>\n\t<meta name=\"twitter:data2\" content=\"korsch\" \/>\n<script type=\"application\/ld+json\" class=\"yoast-schema-graph\">{\"@context\":\"https:\/\/schema.org\",\"@graph\":[{\"@type\":\"WebPage\",\"@id\":\"https:\/\/outatime-training.de\/impressum\/\",\"url\":\"https:\/\/outatime-training.de\/impressum\/\",\"name\":\"Impressum OUTATIME \u2013 Training\",\"isPartOf\":{\"@id\":\"https:\/\/outatime-training.de\/#website\"},\"datePublished\":\"2025-02-10T08:05:16+00:00\",\"dateModified\":\"2025-06-26T10:41:11+00:00\",\"description\":\"outatime ist eine Initiative des Fraunhofer-Instituts f\u00fcr Entwurfstechnik Mechatronik IEM. Hier gelangen Sie zu unserer Datenschutzerkl\u00e4rung.\",\"breadcrumb\":{\"@id\":\"https:\/\/outatime-training.de\/impressum\/#breadcrumb\"},\"inLanguage\":\"en-GB\",\"potentialAction\":[{\"@type\":\"ReadAction\",\"target\":[\"https:\/\/outatime-training.de\/impressum\/\"]}]},{\"@type\":\"BreadcrumbList\",\"@id\":\"https:\/\/outatime-training.de\/impressum\/#breadcrumb\",\"itemListElement\":[{\"@type\":\"ListItem\",\"position\":1,\"name\":\"Startseite\",\"item\":\"https:\/\/outatime-training.de\/\"},{\"@type\":\"ListItem\",\"position\":2,\"name\":\"Impressum\"}]},{\"@type\":\"WebSite\",\"@id\":\"https:\/\/outatime-training.de\/#website\",\"url\":\"https:\/\/outatime-training.de\/\",\"name\":\"OUTATIME Training\",\"description\":\"Transformiere das Engineering von morgen!\",\"publisher\":{\"@id\":\"https:\/\/outatime-training.de\/#organization\"},\"potentialAction\":[{\"@type\":\"SearchAction\",\"target\":{\"@type\":\"EntryPoint\",\"urlTemplate\":\"https:\/\/outatime-training.de\/?s={search_term_string}\"},\"query-input\":{\"@type\":\"PropertyValueSpecification\",\"valueRequired\":true,\"valueName\":\"search_term_string\"}}],\"inLanguage\":\"en-GB\"},{\"@type\":\"Organization\",\"@id\":\"https:\/\/outatime-training.de\/#organization\",\"name\":\"OUTATIME Training\",\"url\":\"https:\/\/outatime-training.de\/\",\"logo\":{\"@type\":\"ImageObject\",\"inLanguage\":\"en-GB\",\"@id\":\"https:\/\/outatime-training.de\/#\/schema\/logo\/image\/\",\"url\":\"https:\/\/outatime-training.de\/wp-content\/uploads\/outatime-logo.png\",\"contentUrl\":\"https:\/\/outatime-training.de\/wp-content\/uploads\/outatime-logo.png\",\"width\":2466,\"height\":803,\"caption\":\"OUTATIME Training\"},\"image\":{\"@id\":\"https:\/\/outatime-training.de\/#\/schema\/logo\/image\/\"}}]}<\/script>\n<!-- \/ Yoast SEO plugin. -->","yoast_head_json":{"title":"Impressum OUTATIME \u2013 Training","description":"outatime ist eine Initiative des Fraunhofer-Instituts f\u00fcr Entwurfstechnik Mechatronik IEM. Hier gelangen Sie zu unserer Datenschutzerkl\u00e4rung.","robots":{"index":"index","follow":"follow","max-snippet":"max-snippet:-1","max-image-preview":"max-image-preview:large","max-video-preview":"max-video-preview:-1"},"canonical":"https:\/\/outatime-training.de\/en\/impressum\/","og_locale":"en_GB","og_type":"article","og_title":"Impressum OUTATIME \u2013 Training","og_description":"outatime ist eine Initiative des Fraunhofer-Instituts f\u00fcr Entwurfstechnik Mechatronik IEM. Hier gelangen Sie zu unserer Datenschutzerkl\u00e4rung.","og_url":"https:\/\/outatime-training.de\/en\/impressum\/","og_site_name":"OUTATIME Training","article_modified_time":"2025-06-26T10:41:11+00:00","twitter_card":"summary_large_image","twitter_misc":{"Estimated reading time":"2 minutes","Written by":"korsch"},"schema":{"@context":"https:\/\/schema.org","@graph":[{"@type":"WebPage","@id":"https:\/\/outatime-training.de\/impressum\/","url":"https:\/\/outatime-training.de\/impressum\/","name":"Impressum OUTATIME \u2013 Training","isPartOf":{"@id":"https:\/\/outatime-training.de\/#website"},"datePublished":"2025-02-10T08:05:16+00:00","dateModified":"2025-06-26T10:41:11+00:00","description":"outatime ist eine Initiative des Fraunhofer-Instituts f\u00fcr Entwurfstechnik Mechatronik IEM. Hier gelangen Sie zu unserer Datenschutzerkl\u00e4rung.","breadcrumb":{"@id":"https:\/\/outatime-training.de\/impressum\/#breadcrumb"},"inLanguage":"en-GB","potentialAction":[{"@type":"ReadAction","target":["https:\/\/outatime-training.de\/impressum\/"]}]},{"@type":"BreadcrumbList","@id":"https:\/\/outatime-training.de\/impressum\/#breadcrumb","itemListElement":[{"@type":"ListItem","position":1,"name":"Startseite","item":"https:\/\/outatime-training.de\/"},{"@type":"ListItem","position":2,"name":"Impressum"}]},{"@type":"WebSite","@id":"https:\/\/outatime-training.de\/#website","url":"https:\/\/outatime-training.de\/","name":"OUTATIME Training","description":"Transformiere das Engineering von morgen!","publisher":{"@id":"https:\/\/outatime-training.de\/#organization"},"potentialAction":[{"@type":"SearchAction","target":{"@type":"EntryPoint","urlTemplate":"https:\/\/outatime-training.de\/?s={search_term_string}"},"query-input":{"@type":"PropertyValueSpecification","valueRequired":true,"valueName":"search_term_string"}}],"inLanguage":"en-GB"},{"@type":"Organization","@id":"https:\/\/outatime-training.de\/#organization","name":"OUTATIME Training","url":"https:\/\/outatime-training.de\/","logo":{"@type":"ImageObject","inLanguage":"en-GB","@id":"https:\/\/outatime-training.de\/#\/schema\/logo\/image\/","url":"https:\/\/outatime-training.de\/wp-content\/uploads\/outatime-logo.png","contentUrl":"https:\/\/outatime-training.de\/wp-content\/uploads\/outatime-logo.png","width":2466,"height":803,"caption":"OUTATIME Training"},"image":{"@id":"https:\/\/outatime-training.de\/#\/schema\/logo\/image\/"}}]}},"_links":{"self":[{"href":"https:\/\/outatime-training.de\/en\/wp-json\/wp\/v2\/pages\/1166","targetHints":{"allow":["GET"]}}],"collection":[{"href":"https:\/\/outatime-training.de\/en\/wp-json\/wp\/v2\/pages"}],"about":[{"href":"https:\/\/outatime-training.de\/en\/wp-json\/wp\/v2\/types\/page"}],"author":[{"embeddable":true,"href":"https:\/\/outatime-training.de\/en\/wp-json\/wp\/v2\/users\/2"}],"replies":[{"embeddable":true,"href":"https:\/\/outatime-training.de\/en\/wp-json\/wp\/v2\/comments?post=1166"}],"version-history":[{"count":19,"href":"https:\/\/outatime-training.de\/en\/wp-json\/wp\/v2\/pages\/1166\/revisions"}],"predecessor-version":[{"id":1374,"href":"https:\/\/outatime-training.de\/en\/wp-json\/wp\/v2\/pages\/1166\/revisions\/1374"}],"wp:attachment":[{"href":"https:\/\/outatime-training.de\/en\/wp-json\/wp\/v2\/media?parent=1166"}],"wp:term":[{"taxonomy":"author","embeddable":true,"href":"https:\/\/outatime-training.de\/en\/wp-json\/wp\/v2\/coauthors?post=1166"}],"curies":[{"name":"wp","href":"https:\/\/api.w.org\/{rel}","templated":true}]}}